{"id":3321,"date":"2024-07-18T11:13:55","date_gmt":"2024-07-18T10:13:55","guid":{"rendered":"https:\/\/www.horta-vermelha.com\/politica-de-privacidade\/"},"modified":"2024-07-21T11:30:52","modified_gmt":"2024-07-21T10:30:52","slug":"politica-de-privacidade","status":"publish","type":"page","link":"https:\/\/www.horta-vermelha.com\/pt-pt\/politica-de-privacidade\/","title":{"rendered":"Pol\u00edtica de Privacidade"},"content":{"rendered":"<div class=\"wpb-content-wrapper\"><p>[vc_row css_animation=&#8221;&#8221; row_type=&#8221;row&#8221; use_row_as_full_screen_section=&#8221;no&#8221; type=&#8221;full_width&#8221; angled_section=&#8221;no&#8221; text_align=&#8221;left&#8221; background_image_as_pattern=&#8221;without_pattern&#8221;][vc_column][vc_empty_space][vc_column_text css=&#8221;&#8221;]<\/p>\n<h3>Quem somos<\/h3>\n<p>A Horta Vermelha est\u00e1 totalmente licenciada e registada como &#8220;Casas de Campo\/Turismo Rural&#8221; com o n\u00ba 673 RNT, Turismo de Portugal. Somos uma micro\/pequena empresa familiar, sediada em Portugal. Pode saber mais sobre n\u00f3s no link &#8216;Sobre n\u00f3s\/A nossa hist\u00f3ria&#8217; no menu superior.<\/p>\n<p>O endere\u00e7o do nosso s\u00edtio Web \u00e9: https:\/\/www.horta-vermelha.com.[\/vc_column_text][vc_empty_space][\/vc_column][\/vc_row][vc_row css_animation=&#8221;&#8221; row_type=&#8221;row&#8221; use_row_as_full_screen_section=&#8221;no&#8221; type=&#8221;full_width&#8221; angled_section=&#8221;no&#8221; text_align=&#8221;left&#8221; background_image_as_pattern=&#8221;without_pattern&#8221;][vc_column][vc_column_text css=&#8221;&#8221;]<\/p>\n<section data-id=\"2f9e10bc\" data-element_type=\"section\" data-model-cid=\"c48\"><\/section>\n<h3>Dados pessoais que recolhemos e porqu\u00ea<\/h3>\n<h4>Mails, formul\u00e1rios de contacto e outras mensagens<\/h4>\n<p>Quando os visitantes nos contactam por correio eletr\u00f3nico, formul\u00e1rios de contacto ou outras mensagens, recolhemos apenas os dados necess\u00e1rios indicados no formul\u00e1rio de coment\u00e1rios, bem como o endere\u00e7o IP do visitante e a cadeia de agentes do utilizador do navegador para ajudar a detetar spam.<\/p>\n<h4>Reservas<\/h4>\n<p>Quando os visitantes reservam uma casa de campo, recolhemos os dados pessoais necess\u00e1rios para uma reserva eficaz e protegida para ambas as partes. Isto tamb\u00e9m nos ajuda a contactar o h\u00f3spede durante a prepara\u00e7\u00e3o do pagamento e do alojamento, bem como a manter os nossos registos de reservas actualizados para qualquer inspe\u00e7\u00e3o formal da Dire\u00e7\u00e3o Nacional de Turismo, da Autoridade Financeira Nacional ou da Autoridade Nacional de Seguran\u00e7a Alimentar e Econ\u00f3mica (ASAE). On-line, tamb\u00e9m registamos o endere\u00e7o IP do visitante e a cadeia de agentes do utilizador do navegador para ajudar na dete\u00e7\u00e3o de spam.<\/p>\n<h4>Opini\u00f5es on-line no nosso site<\/h4>\n<p>Todos os coment\u00e1rios no nosso site foram deixados por escrito ou enviados pelos h\u00f3spedes por correio eletr\u00f3nico. Todas foram autorizadas pelos respetivos h\u00f3spedes. N\u00e3o s\u00e3o partilhados publicamente quaisquer dados pessoais ou meios de comunica\u00e7\u00e3o no nosso s\u00edtio. Estes coment\u00e1rios s\u00e3o importantes para futuros h\u00f3spedes.[\/vc_column_text][vc_empty_space][\/vc_column][\/vc_row][vc_row css_animation=&#8221;&#8221; row_type=&#8221;row&#8221; use_row_as_full_screen_section=&#8221;no&#8221; type=&#8221;full_width&#8221; angled_section=&#8221;no&#8221; text_align=&#8221;left&#8221; background_image_as_pattern=&#8221;without_pattern&#8221;][vc_column][vc_column_text css=&#8221;&#8221;]<\/p>\n<h3>Cookies<\/h3>\n<p>Utilizamos cookies para ajudar a sua navega\u00e7\u00e3o segura (para ambas as partes), de forma eficiente e para executar determinadas fun\u00e7\u00f5es. Encontrar\u00e1 informa\u00e7\u00f5es detalhadas sobre todos os cookies na personaliza\u00e7\u00e3o de cookies (ap\u00f3s o bot\u00e3o &#8220;Personalizar&#8221; no aviso de cookies) ou atrav\u00e9s do seu browser. O nosso s\u00edtio utiliza muito poucos cookies. Os cookies que s\u00e3o classificados como &#8220;Necess\u00e1rios&#8221; s\u00e3o armazenados no seu browser, uma vez que s\u00e3o essenciais para permitir as funcionalidades b\u00e1sicas do s\u00edtio, tal como explicado no referido aviso.<\/p>\n<p>Tamb\u00e9m utilizamos cookies de terceiros que nos ajudam a evitar spam, analisam a forma como o utilizador utiliza este s\u00edtio Web e guardam as suas prefer\u00eancias lingu\u00edsticas. Estes cookies s\u00f3 ser\u00e3o armazenados no seu browser com o seu consentimento pr\u00e9vio. Pode optar por ativar ou desativar alguns ou todos estes cookies, mas a desativa\u00e7\u00e3o de alguns deles pode afetar a sua navega\u00e7\u00e3o no nosso s\u00edtio.[\/vc_column_text][vc_empty_space][\/vc_column][\/vc_row][vc_row css_animation=&#8221;&#8221; row_type=&#8221;row&#8221; use_row_as_full_screen_section=&#8221;no&#8221; type=&#8221;full_width&#8221; angled_section=&#8221;no&#8221; text_align=&#8221;left&#8221; background_image_as_pattern=&#8221;without_pattern&#8221;][vc_column][vc_column_text css=&#8221;&#8221;]<\/p>\n<h3>Uso de dados<\/h3>\n<h4>Com quem partilhamos os seus dados<\/h4>\n<p>Os \u00fanicos dados partilhados com terceiros s\u00e3o os de alguns cookies, se autorizados pelo utilizador e tal como descrito no aviso sobre cookies.<\/p>\n<h4>Durante quanto tempo conservamos os seus dados<\/h4>\n<p>Os coment\u00e1rios dos h\u00f3spedes publicados no nosso s\u00edtio s\u00e3o conservados indefinidamente. Isto \u00e9 para que possamos reconhecer tais coment\u00e1rios.<\/p>\n<p>Para os utilizadores que reservam connosco no nosso s\u00edtio Web, tamb\u00e9m guardamos as informa\u00e7\u00f5es pessoais que fornecem no seu perfil de utilizador, para fins de inspe\u00e7\u00e3o formal. Os administradores do s\u00edtio Web podem ver as informa\u00e7\u00f5es pessoais dos h\u00f3spedes e edit\u00e1-las, se o h\u00f3spede o solicitar.<\/p>\n<h4>Que direitos tem sobre os seus dados<\/h4>\n<p>Se tiver feito uma reserva connosco, pode pedir para receber um ficheiro exportado dos dados pessoais que temos sobre si, incluindo quaisquer dados que nos tenha fornecido. Tamb\u00e9m pode solicitar a elimina\u00e7\u00e3o de quaisquer dados pessoais que tenhamos sobre si. Isto n\u00e3o inclui quaisquer dados que sejamos obrigados a manter para fins administrativos, legais ou de seguran\u00e7a.<\/p>\n<h4>Como protegemos os seus dados<\/h4>\n<p>O nosso s\u00edtio, as mensagens e os respetivos dados de reserva s\u00e3o armazenados em servidores protegidos, atrav\u00e9s de um fornecedor terceiro dedicado. Este fornecedor \u00e9 respons\u00e1vel pela prote\u00e7\u00e3o dos dados, c\u00f3pias de seguran\u00e7a e viola\u00e7\u00e3o de dados.<\/p>\n<h4>De que terceiros recebemos dados<\/h4>\n<p>Recebemos dados de plataformas de reserva de terceiros conhecidos, apenas para os nossos pr\u00f3prios fins de reserva, no caso de um h\u00f3spede reservar uma Casa de Campo atrav\u00e9s deles. Essas entidades gerem a sua pr\u00f3pria pol\u00edtica de privacidade com os seus clientes.[\/vc_column_text][vc_empty_space][\/vc_column][\/vc_row]<\/p>\n<\/div>","protected":false},"excerpt":{"rendered":"<p>[vc_row css_animation=&#8221;&#8221; row_type=&#8221;row&#8221; use_row_as_full_screen_section=&#8221;no&#8221; type=&#8221;full_width&#8221; angled_section=&#8221;no&#8221; text_align=&#8221;left&#8221; background_image_as_pattern=&#8221;without_pattern&#8221;][vc_column][vc_empty_space][vc_column_text css=&#8221;&#8221;] Quem somos A Horta Vermelha est\u00e1 totalmente licenciada e registada como &#8220;Casas de Campo\/Turismo Rural&#8221; com o n\u00ba 673 RNT, Turismo de Portugal. Somos uma micro\/pequena empresa familiar, sediada em Portugal. Pode saber mais sobre n\u00f3s&#8230;<\/p>\n","protected":false},"author":1,"featured_media":0,"parent":0,"menu_order":0,"comment_status":"closed","ping_status":"open","template":"","meta":{"footnotes":""},"class_list":["post-3321","page","type-page","status-publish","hentry"],"_links":{"self":[{"href":"https:\/\/www.horta-vermelha.com\/pt-pt\/wp-json\/wp\/v2\/pages\/3321","targetHints":{"allow":["GET"]}}],"collection":[{"href":"https:\/\/www.horta-vermelha.com\/pt-pt\/wp-json\/wp\/v2\/pages"}],"about":[{"href":"https:\/\/www.horta-vermelha.com\/pt-pt\/wp-json\/wp\/v2\/types\/page"}],"author":[{"embeddable":true,"href":"https:\/\/www.horta-vermelha.com\/pt-pt\/wp-json\/wp\/v2\/users\/1"}],"replies":[{"embeddable":true,"href":"https:\/\/www.horta-vermelha.com\/pt-pt\/wp-json\/wp\/v2\/comments?post=3321"}],"version-history":[{"count":6,"href":"https:\/\/www.horta-vermelha.com\/pt-pt\/wp-json\/wp\/v2\/pages\/3321\/revisions"}],"predecessor-version":[{"id":3358,"href":"https:\/\/www.horta-vermelha.com\/pt-pt\/wp-json\/wp\/v2\/pages\/3321\/revisions\/3358"}],"wp:attachment":[{"href":"https:\/\/www.horta-vermelha.com\/pt-pt\/wp-json\/wp\/v2\/media?parent=3321"}],"curies":[{"name":"wp","href":"https:\/\/api.w.org\/{rel}","templated":true}]}}